{"id":25,"date":"2024-12-07T14:12:42","date_gmt":"2024-12-07T14:12:42","guid":{"rendered":"https:\/\/www.lumiexpo.com\/?page_id=25"},"modified":"2024-12-07T14:14:25","modified_gmt":"2024-12-07T14:14:25","slug":"privacy","status":"publish","type":"page","link":"https:\/\/www.lumiexpo.com\/?page_id=25","title":{"rendered":"Privacy\u00a0\u00a0"},"content":{"rendered":"\n<h4 class=\"wp-block-heading\">Tecno, il network che guida le imprese<\/h4>\n\n\n\n<p>Supportiamo le aziende nel&nbsp;<strong>rafforzare il proprio brand<\/strong>&nbsp;e nel&nbsp;<strong>generare contatti<\/strong>&nbsp;<strong>B2B<\/strong>&nbsp;tramite il nostro network editoriale, gli eventi e la formazione, con l\u2019obiettivo di aiutarle a cogliere le nuove opportunit\u00e0 del settore.<\/p>\n\n\n\n<p>Tecno Scarl, in qualit\u00e0 di Titolare del trattamento dei dati personali, con sede in Milano, Via Premuda 4, con la presente desidera rendere un\u2019adeguata informativa alle persone fisiche che operano in nome e per conto dei fornitori, dei clienti, dei partner e di altri soggetti coinvolti in attivit\u00e0 contrattuali, pre-contrattuali o come fruitori di servizi erogati ai sensi dell\u2019art. 13 d. lgs. 30 giugno 2003 n\u00b0 196 \u2013 \u201cCodice in materia di protezione dei dati personali\u201d e dell\u2019art. 13 GDPR 679\/16 \u2013 \u201cRegolamento europeo sulla protezione dei dati personali\u201d.<\/p>\n\n\n\n<p><strong>1. Dati oggetto del trattamento<\/strong><\/p>\n\n\n\n<p>I dati personali trattati sono dati anagrafici e di contatto forniti o ricevuti dall\u2019interessato in occasione di:<br>\u2022 visite o telefonate o email;<br>\u2022 contatti diretti ottenuti a seguito della partecipazione ad eventi, ecc.;<br>\u2022 richieste di informazioni commerciali, proposizione di offerte;<br>\u2022 richieste tramite i nostri siti internet o tramite i siti internet di fornitori, clienti, partner, altri soggetti<br>\u2022 trasmissioni e transazioni successive a ordini di fornitura di servizi o di beni (fornito\/acquistato)<\/p>\n\n\n\n<p><strong>2. Finalit\u00e0 del trattamento<\/strong><\/p>\n\n\n\n<p>I dati personali delle persone fisiche che operano in nome e per conto dei fornitori, dei clienti, dei partner e di altri soggetti sono trattati per:<br>\u2022 inoltrare comunicazioni con diversi mezzi di comunicazione (telefono, telefono cellulare, sms, email, fax, posta cartacea, ecc.);<br>\u2022 formulare richieste o evadere richieste pervenute;<br>\u2022 scambiare informazioni finalizzate all\u2019esecuzione del rapporto contrattuale, ivi comprese le attivit\u00e0 pre e post contrattuali, tra cui anche quelle di assistenza<br>\u2022 esecuzione di obblighi previsti da leggi, regolamenti o dalla normativa comunitaria, nonch\u00e9 per ottemperare a provvedimenti emanati da pubbliche Autorit\u00e0 a ci\u00f2 legittimate o da organi di vigilanza e di controllo a cui \u00e8 soggetta TECNO Scarl (si pensi ad es. ad accertamenti di carattere tributario, ecc.).<br>\u2022 per finalit\u00e0 accessorie quali le \u201cNews Alert\u201d via email o via sms. In riferimento ad esempio a casi di comunicazioni per eventi data breach<\/p>\n\n\n\n<p>L\u2019interessato pu\u00f2 rifiutarsi di conferire al Titolare i suoi dati personali. Il conferimento dei dati personali \u00e8 per\u00f2 necessario per una corretta ed efficiente gestione del rapporto contrattuale verso fornitori, clienti, partner e di altri soggetti coinvolti nelle attivit\u00e0 del Titolare (quali, ad esempio, l\u2019erogazione di servizi o la vendita di beni). Pertanto, un eventuale rifiuto al conferimento potr\u00e0 compromettere in tutto o in parte il rapporto contrattuale stesso o le attivit\u00e0 pre e post contrattuali.<\/p>\n\n\n\n<p><strong>3. Base giuridica<\/strong><br>Il trattamento \u00e8 necessario all\u2019esecuzione di un contratto di cui ciascun soggetto \u00e8 parte o all\u2019esecuzione di misure precontrattuali o post contrattuali adottate su richiesta del fornitore, del cliente, del partner, di altri soggetti o di TECNO Scarl ai sensi dell\u2019art. 6.1, lett. b) del RGDP)., ovvero per l\u2019adempimento di un obbligo legale ai sensi dell\u2019art. 6.1, lett. c) del RGDP).<\/p>\n\n\n\n<p><strong>4. Modalit\u00e0 del trattamento<\/strong><br>I dati degli interessati verranno trattati nel rispetto dei principi di liceit\u00e0 correttezza e trasparenza, utilizzando strumenti manuali o automatizzati anche mediante l\u2019inserimento in banche dati, elenchi e liste idonei alla memorizzazione, gestione e trasmissione dei dati, nei modi e nei limiti necessari al perseguimento delle predette finalit\u00e0.<br>TECNO scarl ha previsto adeguate misure di sicurezza al fine di tutelare i dati delle persone fisiche che operano in nome e per conto dei fornitori, dei clienti, dei partner e di altri soggetti, a titolo esemplificativo: Firewall, antivirus, antiransomewaire, virtual machine, back up crittografati, timer retentions.<br>I dati saranno trattati esclusivamente da persone autorizzate al trattamento all\u2019interno di TECNO srl, in relazione alla finalit\u00e0 del trattamento.<\/p>\n\n\n\n<p><strong>5. Destinatari dei dati<\/strong><\/p>\n\n\n\n<p>I dati personali trattati dal Titolare non saranno diffusi, ovvero non ne verr\u00e0 data conoscenza a soggetti indeterminati, in nessuna possibile forma, inclusa quella della loro messa a disposizione o semplice consultazione. Potranno, invece, essere comunicati ai lavoratori del Titolare e ad alcuni soggetti esterni che con essi collaborano, sempre nel rispetto delle finalit\u00e0 indicate. In particolare, si tratta di dipendenti\/collaboratori\/fornitori esterni che, sulla base dei ruoli e delle mansioni lavorative espletate, sono stati legittimati a trattare i dati personali, formati a farlo nei limiti delle loro competenze ed in conformit\u00e0 alle istruzioni ad essi impartite dal Titolare. Potranno, inoltre, essere comunicati, nei limiti strettamente necessari, ai soggetti che per finalit\u00e0 di emissione dei nostri ordini o richieste di informazioni e preventivi o formulazioni di offerte, nostre prestazioni, debbano fornire beni e\/o eseguire su nostro incarico prestazioni o servizi. Ai dati potrebbero accedere (per finalit\u00e0 di assistenza sugli applicativi SW, sulle rete informatiche e per la connettivit\u00e0) nostri tecnici incaricati o consulenti esterni o incaricati di societ\u00e0 che forniscono tali servizi. Infine, potranno essere comunicati ai soggetti legittimati ad accedervi in forza di disposizioni di legge, regolamenti, normative comunitarie. L\u2019elenco aggiornato dei responsabili del trattamento, ove richiesto, \u00e8 disponibile presso la sede di TECNO scarl.<\/p>\n\n\n\n<p><strong>6. Trasferimento dei dati<\/strong><\/p>\n\n\n\n<p>Il Titolare del trattamento non trasferisce i dati personali in Paesi Terzi o a organizzazioni internazionali: i dati personali sono conservati su server ubicati all\u2019interno dell\u2019Unione Europea.<\/p>\n\n\n\n<p>Ove si rendesse necessario, il Titolare avr\u00e0 facolt\u00e0 di spostare i dati personali anche extra-UE. In tal caso, il Titolare assicura sin d\u2019ora<br>che il trasferimento dei dati extra-UE avverr\u00e0 in conformit\u00e0 alle disposizioni di legge applicabili, previa stipula delle clausole contrattuali standard previste dalla Commissione Europea.<\/p>\n\n\n\n<p><strong>Conservazione dei dati<\/strong><\/p>\n\n\n\n<p>Il Titolare del trattamento conserva e tratta i dati personali per il tempo necessario ad adempiere alle finalit\u00e0 indicate. Successivamente, i dati personali saranno conservati, secondo quanto viene documento nel nostro Registro di trattamento. Il periodo di conservazione pu\u00f2 variare in modo significativo in base a: le finalit\u00e0, il tipo di dato trattato, gli obblighi di legge.<br>Quando non \u00e8 pi\u00f9 necessario conservare i dati personali questi potranno essere cancellati o deindicizzati o distrutti in modo sicuro in conformit\u00e0 alla nostra policy.<\/p>\n\n\n\n<p><strong>7. Diritti dell\u2019interessato<\/strong><\/p>\n\n\n\n<p>Ai sensi dell\u2019art. 7 del D. Lgs. 196\/2003 e degli articoli dal 15 al 22 del Regolamento, lei potr\u00e0 esercitare i seguenti diritti:<br>a) chiedere la conferma dell\u2019esistenza o meno di propri dati personali;<br>b) ottenere le indicazioni circa le finalit\u00e0 del trattamento, le categorie dei dati personali, i destinatari o le categorie di destinatari a cui i dati personali sono stati o saranno comunicati e, quando possibile, il periodo di conservazione;<br>c) ottenere la rettifica e\/o la cancellazione dei dati;<br>d) ottenere la limitazione del trattamento;<br>e) (ove applicabile) ottenere la portabilit\u00e0 dei dati, ossia riceverli dal Titolare del trattamento, in un formato strutturato, di uso comune e leggibile da dispositivo automatico, e trasmetterli ad un altro titolare del trattamento senza impedimenti;<br>f) opporsi al trattamento in qualsiasi momento ed anche nel caso di trattamento per finalit\u00e0 di marketing diretto;<br>g) opporsi ad un processo decisionale automatizzato relativo alle persone \ufb01siche, compresa la profilazione.<br>h) chiedere al Titolare del trattamento l\u2019accesso ai dati personali e la rettifica o la cancellazione degli stessi o la limitazione del trattamento che lo riguardano o di opporsi al loro trattamento, oltre al diritto alla portabilit\u00e0 dei dati;<br>i) revocare il consenso in qualsiasi momento senza pregiudicare la liceit\u00e0 del trattamento basata sul consenso prestato prima della revoca;<br>Gli stessi, ove da lei esercitabili potranno essere fatti valere scrivendo a:<br>\u2013 TECNO scarl \u2013 Via Console Flaminio 19 \u2013 20134 Milano MI<br>\u2013 tecnoscarl@pec.it<br>\u2013 privacy@tecno.company<br>\u2013 +39 02 210 111 1<\/p>\n\n\n\n<p>specificando l\u2019oggetto della richiesta, il diritto che l\u2019interessato intende esercitare e allegando fotocopia di un documento di identit\u00e0 che attesti la legittimit\u00e0 della richiesta.<\/p>\n","protected":false},"excerpt":{"rendered":"<p>Tecno, il network che guida le imprese Supportiamo le aziende nel&nbsp;rafforzare il proprio brand&nbsp;e nel&nbsp;generare contatti&nbsp;B2B&nbsp;tramite il nostro network editoriale, gli eventi e la formazione, con l\u2019obiettivo di aiutarle a cogliere le nuove opportunit\u00e0 del settore. Tecno Scarl, in qualit\u00e0 di Titolare del trattamento dei dati personali, con sede in Milano, Via Premuda 4, con [&hellip;]<\/p>\n","protected":false},"author":1,"featured_media":0,"parent":0,"menu_order":3,"comment_status":"closed","ping_status":"closed","template":"","meta":{"footnotes":""},"class_list":["post-25","page","type-page","status-publish","hentry"],"_links":{"self":[{"href":"https:\/\/www.lumiexpo.com\/index.php?rest_route=\/wp\/v2\/pages\/25","targetHints":{"allow":["GET"]}}],"collection":[{"href":"https:\/\/www.lumiexpo.com\/index.php?rest_route=\/wp\/v2\/pages"}],"about":[{"href":"https:\/\/www.lumiexpo.com\/index.php?rest_route=\/wp\/v2\/types\/page"}],"author":[{"embeddable":true,"href":"https:\/\/www.lumiexpo.com\/index.php?rest_route=\/wp\/v2\/users\/1"}],"replies":[{"embeddable":true,"href":"https:\/\/www.lumiexpo.com\/index.php?rest_route=%2Fwp%2Fv2%2Fcomments&post=25"}],"version-history":[{"count":1,"href":"https:\/\/www.lumiexpo.com\/index.php?rest_route=\/wp\/v2\/pages\/25\/revisions"}],"predecessor-version":[{"id":27,"href":"https:\/\/www.lumiexpo.com\/index.php?rest_route=\/wp\/v2\/pages\/25\/revisions\/27"}],"wp:attachment":[{"href":"https:\/\/www.lumiexpo.com\/index.php?rest_route=%2Fwp%2Fv2%2Fmedia&parent=25"}],"curies":[{"name":"wp","href":"https:\/\/api.w.org\/{rel}","templated":true}]}}